{"id":6709,"date":"2021-12-23T13:30:19","date_gmt":"2021-12-23T13:30:19","guid":{"rendered":"https:\/\/www.schallfeldensemble.com\/?page_id=6709"},"modified":"2021-12-23T13:38:11","modified_gmt":"2021-12-23T13:38:11","slug":"call-for-scores-projects-2022","status":"publish","type":"page","link":"https:\/\/www.schallfeldensemble.com\/de\/call-for-scores-projects-2022\/","title":{"rendered":"Call for scores \/ projects 2022"},"content":{"rendered":"<p>Call for scores \/workshop with Schallfeld Ensemble<\/p>\n<p>Workshop: 2.-3.2.2022 (Graz)<\/p>\n<p>Deadline: 12.01.2022<\/p>\n<p>Schallfeld ruft einen Call for scores f\u00fcr einen Instrumental-\/ Kammermusikworkshop f\u00fcr Komponist*innen aus. Bewerbungen sind ab sofort bis 12. Januar 2022 m\u00f6glich.<\/p>\n<p>Da es aufgrund der Pandemiesituation ungewiss ist, in welchem Umfang ab wann \u00f6ffentliche Veranstaltungen m\u00f6glich sind, m\u00f6chten wir mit diesem Projekt einen Raum f\u00fcr kreatives Forschen, Zusammenarbeit, Lernen und Austausch \u00f6ffnen. Der Workshop ist offen f\u00fcr Komponist*innen jeden Alters. Gemeinsam mit Musiker*innen des Ensembles k\u00f6nnen Ideen, Skizzen und Konzepte f\u00fcr neue St\u00fccke erarbeitet werden und\/oder spieltechnische Ideen erkundet werden.<span class=\"Apple-converted-space\">\u00a0<\/span><\/p>\n<h3><b>Bewerbung<\/b>:<\/h3>\n<ol>\n<li>Bewerber*innen m\u00fcssen ihren Wohnsitz in \u00d6sterreich haben. Ein Studium oder Studienabschluss sind nicht Voraussetzung. Es gibt keine Teilnahme-\/ Bewerbungsgeb\u00fchr.<\/li>\n<li>Da die Ausschreibungsfrist sehr knapp ist, k\u00f6nnen neben St\u00fccken auch Ideen, Konzepte, Experimentalsettings eingereicht werden. Der Fokus des Workshops liegt auf gemeinsamer Arbeit, z.B. an Notation, Spieltechnik, Instrumentierung, usw.<span class=\"Apple-converted-space\">\u00a0<\/span><\/li>\n<li>Folgende Instrumente stehen zur Verf\u00fcgung: Fl\u00f6te (picc, c, g, bass), Klarinette (b, bass), Klavier, Perkussion, Violine, Cello, Viola, Kontrabass, Elektronik. Pr\u00e4parierungen des Klaviers sind m\u00f6glich, sollten aber dem Instrument nicht schaden. Adhoc-Instrumentierungen\/Vorschl\u00e4ge f\u00fcr freie Instrumentierungen und performative Settings sind willkommen. Falls n\u00f6tig, steht auch ein Dirigent sowie technischer Support (Sound, Licht, Video) f\u00fcr die Proben zur Verf\u00fcgung.<\/li>\n<li>Die zur Bewerbung eingereichten Vorschl\u00e4ge k\u00f6nnen alle Instrumentenkombinationen von solo bis Ensemble umfassen.<span class=\"Apple-converted-space\">\u00a0<\/span><\/li>\n<li>Pro Bewerber*in d\u00fcrfen mehrere Vorschl\u00e4ge eingereicht werden, jede* eingeladene* Bewerber*in kann jedoch nur 1 Arbeitsvorhaben umsetzen. Pro Teilnehmer*in bekommt 1 Arbeitssessions\/ Leseprobe, die nach individuellem Bed\u00fcrfnis f\u00fcr Einzelarbeit, Gruppenproben, Diskussion und Feedback etc. genutzt werden k\u00f6nnen. Zum Abschluss des Workshops gibt es ein Plenum mit allen Beteiligten.<\/li>\n<li>Die Bewerbung sollte folgendes Material enthalten: Konzept \/ Partitur oder Skizzen, CV mit Kontakt. Optional k\u00f6nnen bis zu 3 Beispiele bisheriger Arbeiten angegeben werden (Aufnahmen, Partituren). Das Material kann als Emailanhang oder via Filetransfer eingereicht werden: schallfeldacademy@gmail.com Einsendeschluss ist 12. Januar 2022, 23h CET.<\/li>\n<li>Alle ausgew\u00e4hlten Bewerber*innen werden von uns bis 20. Januar verst\u00e4ndigt.<span class=\"Apple-converted-space\">\u00a0<\/span><\/li>\n<li>Schallfeld kann leider keine Reise- und Unterkunftskosten f\u00fcr ausw\u00e4rtige Teilnehmer*innen \u00fcbernehmen.<span class=\"Apple-converted-space\">\u00a0<\/span><\/li>\n<\/ol>\n","protected":false},"excerpt":{"rendered":"<p>Call for scores \/workshop with Schallfeld Ensemble Workshop: 2.-3.2.2022 (Graz) Deadline: 12.01.2022 Schallfeld ruft einen Call for scores f\u00fcr einen Instrumental-\/ Kammermusikworkshop f\u00fcr Komponist*innen aus. Bewerbungen sind ab sofort bis [&hellip;]<\/p>\n<p><a href=\"https:\/\/www.schallfeldensemble.com\/de\/call-for-scores-projects-2022\/\" class=\"more-link style3-button\">Weiterlesen<\/a><\/p>","protected":false},"author":1,"featured_media":0,"parent":0,"menu_order":0,"comment_status":"closed","ping_status":"closed","template":"","meta":{"footnotes":""},"class_list":["post-6709","page","type-page","status-publish","hentry"],"_links":{"self":[{"href":"https:\/\/www.schallfeldensemble.com\/de\/wp-json\/wp\/v2\/pages\/6709","targetHints":{"allow":["GET"]}}],"collection":[{"href":"https:\/\/www.schallfeldensemble.com\/de\/wp-json\/wp\/v2\/pages"}],"about":[{"href":"https:\/\/www.schallfeldensemble.com\/de\/wp-json\/wp\/v2\/types\/page"}],"author":[{"embeddable":true,"href":"https:\/\/www.schallfeldensemble.com\/de\/wp-json\/wp\/v2\/users\/1"}],"replies":[{"embeddable":true,"href":"https:\/\/www.schallfeldensemble.com\/de\/wp-json\/wp\/v2\/comments?post=6709"}],"version-history":[{"count":5,"href":"https:\/\/www.schallfeldensemble.com\/de\/wp-json\/wp\/v2\/pages\/6709\/revisions"}],"predecessor-version":[{"id":6714,"href":"https:\/\/www.schallfeldensemble.com\/de\/wp-json\/wp\/v2\/pages\/6709\/revisions\/6714"}],"wp:attachment":[{"href":"https:\/\/www.schallfeldensemble.com\/de\/wp-json\/wp\/v2\/media?parent=6709"}],"curies":[{"name":"wp","href":"https:\/\/api.w.org\/{rel}","templated":true}]}}