{"id":7533,"date":"2023-12-15T13:05:42","date_gmt":"2023-12-15T12:05:42","guid":{"rendered":"https:\/\/www.schallfeldensemble.com\/ausschreibung-call-for-scores\/"},"modified":"2023-12-17T17:36:43","modified_gmt":"2023-12-17T16:36:43","slug":"ausschreibung-call-for-scores","status":"publish","type":"page","link":"https:\/\/www.schallfeldensemble.com\/de\/ausschreibung-call-for-scores\/","title":{"rendered":"Ausschreibung Call for Scores"},"content":{"rendered":"<h1><div class=\"su-spacer\" style=\"height:40px\"><\/div><\/h1>\n<h1>Ausschreibung Call for Scores<\/h1>\n<h2>Workshop und Konzert mit <a href=\"https:\/\/zubel.pl\/en\/homepage\" target=\"_blank\" rel=\"noopener\">Agata Zubel<\/a> und <a href=\"https:\/\/www.schallfeldensemble.com\" target=\"_blank\" rel=\"noopener\">Schallfeld Ensemble<\/a>, in Zusammenarbeit mit IGNM Steiermark und <a href=\"https:\/\/www.kultum.at\/einrichtung\/137\/neuemusik\" target=\"_blank\" rel=\"noopener\">KULTUM &#8211;\u00a0 Kulturzentrum bei der Minoriten Graz<\/a>.<\/h2>\n<h3>Workshop: 14.-17.04.2024 (Graz)<\/h3>\n<p>Schallfeld ruft einen Call for Scores f\u00fcr einen Ensemble-\/ Kammermusikworkshop f\u00fcr Komponist*innen aus. Bewerbungen sind ab sofort bis 4.Februar 2024 m\u00f6glich.<\/p>\n<p>Der Workshop besteht aus einer Einzelstunde mit Agata Zubel und zwei Proben mit dem Schallfeld Ensemble. Die Werke der ausgew\u00e4hlten Teilnehmer*innen werden in einem \u00f6ffentlichen Konzert am 17.4.2024 im Gro\u00dfer Minoritensaal Graz aufgef\u00fchrt.<\/p>\n<p>&nbsp;<\/p>\n<div id=\"attachment_7528\" style=\"width: 910px\" class=\"wp-caption alignnone\"><img loading=\"lazy\" decoding=\"async\" aria-describedby=\"caption-attachment-7528\" class=\"size-full wp-image-7528\" src=\"https:\/\/www.schallfeldensemble.com\/wp-content\/uploads\/AgataZubel___ukaszRajchert4-217-900-700-80.jpg\" alt=\"\" width=\"900\" height=\"449\" srcset=\"https:\/\/www.schallfeldensemble.com\/wp-content\/uploads\/AgataZubel___ukaszRajchert4-217-900-700-80.jpg 900w, https:\/\/www.schallfeldensemble.com\/wp-content\/uploads\/AgataZubel___ukaszRajchert4-217-900-700-80-300x150.jpg 300w, https:\/\/www.schallfeldensemble.com\/wp-content\/uploads\/AgataZubel___ukaszRajchert4-217-900-700-80-768x383.jpg 768w, https:\/\/www.schallfeldensemble.com\/wp-content\/uploads\/AgataZubel___ukaszRajchert4-217-900-700-80-100x50.jpg 100w, https:\/\/www.schallfeldensemble.com\/wp-content\/uploads\/AgataZubel___ukaszRajchert4-217-900-700-80-650x324.jpg 650w, https:\/\/www.schallfeldensemble.com\/wp-content\/uploads\/AgataZubel___ukaszRajchert4-217-900-700-80-50x25.jpg 50w\" sizes=\"auto, (max-width: 900px) 100vw, 900px\" \/><p id=\"caption-attachment-7528\" class=\"wp-caption-text\">PHOTO \u0141UKASZ RAJCHERT<\/p><\/div>\n<h3>BEWERBUNG<\/h3>\n<p>Der Workshop ist offen f\u00fcr Komponist*innen jeder Nation und\u00a0 jeden Alters.<\/p>\n<p>Ein Studium oder Studienabschluss sind keine Voraussetzung. Es gibt keine Teilnahme-\/ Bewerbungsgeb\u00fchr.<\/p>\n<p>Folgende Instrumente stehen zur Verf\u00fcgung:<\/p>\n<ul>\n<li>Fl\u00f6ten (in C, G, Bass und piccolo)<\/li>\n<li>Klarinetten (B, Bass, Kontraba\u00df)<\/li>\n<li>Akkordeon (chromatic button accordion with free-basses (convertor switch), B-system and full range in both manuals (E contra &#8211; #c5))<\/li>\n<li>Klavier (Pr\u00e4parierungen des Klaviers sind m\u00f6glich, sollten aber dem Instrument nicht schaden).<\/li>\n<li>Schlagzeug (1 Spieler)<\/li>\n<li>Violine<\/li>\n<li>Viola<\/li>\n<li>Violoncello<\/li>\n<li>Kontrabass (5 Saiten)<\/li>\n<li>Elektronik: Jedes Instrument kann einzeln verst\u00e4rkt werden. Das Ensemble kann auch spezielle Mikrofone wie Kontaktmikrofone, Piezoelemente und Miniaturmikrofone zur Verf\u00fcgung stellen. Das St\u00fcck kann f\u00fcr Live-Elektronik oder Tonband geschrieben werden, wobei die Verwendung von Click-Tracks ohne Dirigat nicht empfohlen wird. Software oder Patches k\u00f6nnen entweder in Max8, Pure Data, SuperCollider, Faust oder Ableton Live geschrieben werden. Jegliche urheberrechtlich gesch\u00fctzte Software au\u00dfer den oben genannten, einschlie\u00dflich VST-Plugins, muss vom Autor zur Verf\u00fcgung gestellt werden, d.h. gekauft und dem Ensemble zur Verf\u00fcgung gestellt werden. Dies gilt auch f\u00fcr MIDI. Keyboard, das als Synthesizer oder Sampler verwendet wird. Eine 8-Kanal-Endstufe und 1 Subwoofer (8.1) stehen ebenfalls zur Verf\u00fcgung. Falls erforderlich, liefern Sie bitte alle vorproduzierten Soundfiles mit einer Samplerate von 48000 und einer Bittiefe von 24 oder 16 Bit.<\/li>\n<\/ul>\n<p>Adhoc-Instrumentierungen\/Vorschl\u00e4ge f\u00fcr freie Instrumentierungen und performative Settings sind m\u00f6glich.<\/p>\n<p><span style=\"color: #ff0000;\">Ensemble St\u00fccke (mit Dirigent) sind bevorzugt, Bewerbungen mit Kammermusikst\u00fccke<strong> ab 4 Instrumenten<\/strong> sind auch m\u00f6glich.<\/span><\/p>\n<p>Pro Bewerber*in d\u00fcrfen mehrere Vorschl\u00e4ge eingereicht werden, jede* eingeladene* Bewerber*in kann jedoch nur 1 Arbeitsvorhaben umsetzen.<\/p>\n<p>Die Bewerbung sollte folgendes Material enthalten: Partitur, CV mit Kontakt. Optional k\u00f6nnen bis zu 3 Beispiele bisheriger Arbeiten angegeben werden (Aufnahmen, Partituren). Das Material kann als Emailanhang oder via Filetransfer eingereicht werden: <strong><span style=\"color: #ff0000;\">schallfeldacademy@gmail.com<\/span><\/strong> Einsendeschluss ist, 4. Februar 2024\u00a0 23.59h CET.<\/p>\n<p>Alle ausgew\u00e4hlten Bewerber*innen werden von uns bis sp\u00e4testens 20. Februar 2024 verst\u00e4ndigt.<\/p>\n<h3>Unterkunftskosten<\/h3>\n<p>Die Unterkunft f\u00fcr die ausgew\u00e4hlte Teilnehmer*innen (14.-18. April) werden von Schallfeld organisiert und \u00fcbernommen.<\/p>\n<p>&nbsp;<\/p>\n<p><img loading=\"lazy\" decoding=\"async\" class=\"alignnone wp-image-7519\" src=\"https:\/\/www.schallfeldensemble.com\/wp-content\/uploads\/Schallfeld-Logo-e1702641055329-1024x627.jpg\" alt=\"\" width=\"139\" height=\"85\" srcset=\"https:\/\/www.schallfeldensemble.com\/wp-content\/uploads\/Schallfeld-Logo-e1702641055329-1024x627.jpg 1024w, https:\/\/www.schallfeldensemble.com\/wp-content\/uploads\/Schallfeld-Logo-e1702641055329-300x184.jpg 300w, https:\/\/www.schallfeldensemble.com\/wp-content\/uploads\/Schallfeld-Logo-e1702641055329-768x471.jpg 768w, https:\/\/www.schallfeldensemble.com\/wp-content\/uploads\/Schallfeld-Logo-e1702641055329-1160x700.jpg 1160w, https:\/\/www.schallfeldensemble.com\/wp-content\/uploads\/Schallfeld-Logo-e1702641055329-82x50.jpg 82w, https:\/\/www.schallfeldensemble.com\/wp-content\/uploads\/Schallfeld-Logo-e1702641055329-650x398.jpg 650w, https:\/\/www.schallfeldensemble.com\/wp-content\/uploads\/Schallfeld-Logo-e1702641055329-1000x613.jpg 1000w, https:\/\/www.schallfeldensemble.com\/wp-content\/uploads\/Schallfeld-Logo-e1702641055329-1250x766.jpg 1250w, https:\/\/www.schallfeldensemble.com\/wp-content\/uploads\/Schallfeld-Logo-e1702641055329-50x31.jpg 50w, https:\/\/www.schallfeldensemble.com\/wp-content\/uploads\/Schallfeld-Logo-e1702641055329.jpg 1278w\" sizes=\"auto, (max-width: 139px) 100vw, 139px\" \/>\u00a0 \u00a0 \u00a0 \u00a0<img loading=\"lazy\" decoding=\"async\" class=\"wp-image-7521 alignnone\" src=\"https:\/\/www.schallfeldensemble.com\/wp-content\/uploads\/minoriten.png\" alt=\"\" width=\"81\" height=\"92\" srcset=\"https:\/\/www.schallfeldensemble.com\/wp-content\/uploads\/minoriten.png 434w, https:\/\/www.schallfeldensemble.com\/wp-content\/uploads\/minoriten-264x300.png 264w, https:\/\/www.schallfeldensemble.com\/wp-content\/uploads\/minoriten-44x50.png 44w, https:\/\/www.schallfeldensemble.com\/wp-content\/uploads\/minoriten-50x57.png 50w\" sizes=\"auto, (max-width: 81px) 100vw, 81px\" \/>\u00a0 \u00a0 \u00a0 \u00a0 \u00a0<img loading=\"lazy\" decoding=\"async\" class=\"wp-image-7425 alignnone\" src=\"https:\/\/www.schallfeldensemble.com\/wp-content\/uploads\/image002.jpg\" alt=\"\" width=\"97\" height=\"97\" srcset=\"https:\/\/www.schallfeldensemble.com\/wp-content\/uploads\/image002.jpg 202w, https:\/\/www.schallfeldensemble.com\/wp-content\/uploads\/image002-150x150.jpg 150w, https:\/\/www.schallfeldensemble.com\/wp-content\/uploads\/image002-50x50.jpg 50w\" sizes=\"auto, (max-width: 97px) 100vw, 97px\" \/><\/p>\n<p>&nbsp;<\/p>\n","protected":false},"excerpt":{"rendered":"<p>Ausschreibung Call for Scores Workshop und Konzert mit Agata Zubel und Schallfeld Ensemble, in Zusammenarbeit mit IGNM Steiermark und KULTUM &#8211;\u00a0 Kulturzentrum bei der Minoriten Graz. Workshop: 14.-17.04.2024 (Graz) Schallfeld [&hellip;]<\/p>\n<p><a href=\"https:\/\/www.schallfeldensemble.com\/de\/ausschreibung-call-for-scores\/\" class=\"more-link style3-button\">Weiterlesen<\/a><\/p>","protected":false},"author":1,"featured_media":0,"parent":0,"menu_order":0,"comment_status":"closed","ping_status":"closed","template":"","meta":{"footnotes":""},"class_list":["post-7533","page","type-page","status-publish","hentry"],"_links":{"self":[{"href":"https:\/\/www.schallfeldensemble.com\/de\/wp-json\/wp\/v2\/pages\/7533","targetHints":{"allow":["GET"]}}],"collection":[{"href":"https:\/\/www.schallfeldensemble.com\/de\/wp-json\/wp\/v2\/pages"}],"about":[{"href":"https:\/\/www.schallfeldensemble.com\/de\/wp-json\/wp\/v2\/types\/page"}],"author":[{"embeddable":true,"href":"https:\/\/www.schallfeldensemble.com\/de\/wp-json\/wp\/v2\/users\/1"}],"replies":[{"embeddable":true,"href":"https:\/\/www.schallfeldensemble.com\/de\/wp-json\/wp\/v2\/comments?post=7533"}],"version-history":[{"count":5,"href":"https:\/\/www.schallfeldensemble.com\/de\/wp-json\/wp\/v2\/pages\/7533\/revisions"}],"predecessor-version":[{"id":7555,"href":"https:\/\/www.schallfeldensemble.com\/de\/wp-json\/wp\/v2\/pages\/7533\/revisions\/7555"}],"wp:attachment":[{"href":"https:\/\/www.schallfeldensemble.com\/de\/wp-json\/wp\/v2\/media?parent=7533"}],"curies":[{"name":"wp","href":"https:\/\/api.w.org\/{rel}","templated":true}]}}