{"id":8120,"date":"2025-03-13T19:02:37","date_gmt":"2025-03-13T18:02:37","guid":{"rendered":"https:\/\/www.schallfeldensemble.com\/spendenaktion\/"},"modified":"2026-03-23T21:04:32","modified_gmt":"2026-03-23T20:04:32","slug":"spendenaktion","status":"publish","type":"page","link":"https:\/\/www.schallfeldensemble.com\/de\/spendenaktion\/","title":{"rendered":"Spendenaktion"},"content":{"rendered":"<div  class=\"tatsu-i1gnhwnm2lc1681g tatsu-section  tatsu-bg-overlay   tatsu-clearfix\" data-title=\"\"  data-headerscheme=\"background--dark\"><div class='tatsu-section-pad clearfix' data-padding='{\"d\":\"90px 0px 15px 0px\"}' data-padding-top='90px'><div class=\"tatsu-row-wrap  tatsu-wrap tatsu-row-has-two-cols tatsu-medium-gutter tatsu-reg-cols  tatsu-clearfix tatsu-Byg604Gyibl\" ><div  class=\"tatsu-row \" ><div  class=\"tatsu-column  tatsu-bg-overlay tatsu-one-third tatsu-column-image-none tatsu-column-effect-none  tatsu-SygJBGkjZx\"  data-parallax-speed=\"0\" style=\"\"><div class=\"tatsu-column-inner \" ><div class=\"tatsu-column-pad-wrap\"><div class=\"tatsu-column-pad\" ><div  class=\"tatsu-single-image tatsu-module tatsu-image-lazyload tatsu-SyTZrfkoWx  \" ><div class=\"tatsu-single-image-inner \" style=\"width : 1280px;\" ><div class = \"tatsu-single-image-padding-wrap\" style = \"padding-bottom : 150%;\" ><\/div><img class = \"tatsu-gradient-border\" alt = \"\" title = \"ags_6068mw\" data-src = \"https:\/\/www.schallfeldensemble.com\/wp-content\/uploads\/ags_6068mw.jpg\" src =\"data:image\/png;base64,iVBORw0KGgoAAAANSUhEUgAAAAEAAAABCAQAAAC1HAwCAAAAC0lEQVR42mNkYAAAAAYAAjCB0C8AAAAASUVORK5CYII=\"  \/><\/div><style>.tatsu-SyTZrfkoWx{margin: 70px 0px 0px 0px;}.tatsu-SyTZrfkoWx .tatsu-single-image-inner{border-style: solid;max-width: 100%;}.tatsu-SyTZrfkoWx.tatsu-single-image{transform: translate3d(0px,0px, 0);}<\/style><\/div><div  class=\"tatsu-module tatsu-text-block-wrap tatsu-HkCEvzks-g  \"><div class=\"tatsu-text-inner tatsu-align-center  clearfix\" ><style>.tatsu-HkCEvzks-g.tatsu-text-block-wrap .tatsu-text-inner{width: 100%;text-align: left;}<\/style>\n<p style=\"text-align: right;\"><span style=\"font-size: 8pt;\"><b>\u00a9<\/b> Alexandra Gschiel<\/span><\/p>\n<\/div><\/div><\/div><\/div><div class = \"tatsu-column-bg-image-wrap\"><div class = \"tatsu-column-bg-image\" ><\/div><\/div><div class=\"tatsu-overlay tatsu-column-overlay tatsu-animate-none\" ><\/div><\/div><style>.tatsu-row > .tatsu-SygJBGkjZx.tatsu-column{width: 33.33%;}.tatsu-SygJBGkjZx.tatsu-column > .tatsu-column-inner > .tatsu-column-overlay{mix-blend-mode: normal;}.tatsu-SygJBGkjZx > .tatsu-column-inner > .tatsu-top-divider{z-index: 9999;}.tatsu-SygJBGkjZx > .tatsu-column-inner > .tatsu-bottom-divider{z-index: 9999;}.tatsu-SygJBGkjZx > .tatsu-column-inner > .tatsu-left-divider{z-index: 9999;}.tatsu-SygJBGkjZx > .tatsu-column-inner > .tatsu-right-divider{z-index: 9999;}@media only screen and (max-width:1377px) {.tatsu-row > .tatsu-SygJBGkjZx.tatsu-column{width: 33.33%;}}@media only screen and (min-width:768px) and (max-width: 1024px) {.tatsu-row > .tatsu-SygJBGkjZx.tatsu-column{width: 33.33%;}}@media only screen and (max-width: 767px) {.tatsu-row > .tatsu-SygJBGkjZx.tatsu-column{width: 100%;}}<\/style><\/div><div  class=\"tatsu-column  tatsu-bg-overlay tatsu-two-third tatsu-column-image-none tatsu-column-effect-none  tatsu-Skxg1Bfkj-x\"  data-parallax-speed=\"0\" style=\"\"><div class=\"tatsu-column-inner \" ><div class=\"tatsu-column-pad-wrap\"><div class=\"tatsu-column-pad\" ><div  class=\"tatsu-module tatsu-text-block-wrap tatsu-ByDkHGkiWg  \"><div class=\"tatsu-text-inner tatsu-align-center  clearfix\" ><style>.tatsu-ByDkHGkiWg.tatsu-text-block-wrap .tatsu-text-inner{width: 100%;text-align: left;}.tatsu-ByDkHGkiWg.tatsu-text-block-wrap{margin: 60px 0px 30px 0px;}<\/style>\n<h1>SPENDENAKTION<\/h1>\n<p>Auch 2026 setzt <a href=\"https:\/\/www.schallfeldensemble.com\/de\/\">Schallfeld<\/a> seine j\u00e4hrliche Spendenaktion f\u00fcr F\u00f6rdernde unseres Ensembles und der zeitgen\u00f6ssischen Kunst fort.<\/p>\n<p>Nach der Zusammenarbeit des vergangenen Jahres mit Studio ASYNCHROME freuen wir uns, f\u00fcr 2026 mit dem \u00f6sterreichischen K\u00fcnstler Markus Wilfling zusammenzuarbeiten. Wilfling hat eigens ein originales Kunstobjekt geschaffen \u2014 <em>WAHTUVIXOYMYOXIVUTHAW<\/em> \u2014 inspiriert vom Thema unserer Saison 2026: <em>\u201eSpiegelungen&#8220;<\/em>.<\/p>\n<p>Ab einer Spende von <strong>200 \u20ac<\/strong> erhalten unsere Unterst\u00fctzenden eines von nur <strong>30 nummerierten Exemplaren<\/strong> dieses einzigartigen handgefertigten Objekts (27,5x10x10 cm; Eisen verzinkt, Spiegel, Edelstahl, Klebeschrift) von Wilfling \u2014 ausschlie\u00dflich im Rahmen dieser Aktion erh\u00e4ltlich \u2014 sowie einen Freipass f\u00fcr alle sechs Konzerte unserer Saison 2026.<\/p>\n<p style=\"padding-left: 40px;\"><em>Die Eigenschaft des Spiegels, Ausschnitte der Welt (und dar\u00fcber hinaus) zu verdoppeln und die Symmetrie der ausgew\u00e4hlten Buchstaben sind im Gef\u00e4\u00df-Objekt WAHTUVIXOYMYOXIVUTHAW zusammengefasst. Das zuf\u00e4llig aus einzelnen lesbaren Silben zusammengesetzte Textfragment, das auch die Idee wie Sprachen gedacht werden k\u00f6nnen, aufgreift, l\u00e4sst sich durch die Spiegelfl\u00e4che hindurch flie\u00dfend lesen, \u00fcberlistet derart die illusionistische Materialit\u00e4t der Spiegelung.<\/em><\/p>\n<p style=\"text-align: right; padding-left: 40px;\">M. Wilfling<\/p>\n<p><strong><span style=\"font-size: 14pt;\">Die Spenden f\u00fcr Schallfeld sind in \u00d6sterreich steuerlich absetzbar.<\/span><\/strong><\/p>\n<p>Weitere Informationen <a href=\"https:\/\/kulturspenden.at\/donations\/spende-an-schallfeld-ensemble\" target=\"_blank\" rel=\"noopener\">hier<\/a> oder unter <strong>office@schallfeldensemble.com<\/strong><\/p>\n<p><span style=\"font-weight: 400;\">Vielen Dank f\u00fcr Ihre Unterst\u00fctzung und bis bald!<\/span><\/p>\n<\/div><\/div><\/div><\/div><div class = \"tatsu-column-bg-image-wrap\"><div class = \"tatsu-column-bg-image\" ><\/div><\/div><div class=\"tatsu-overlay tatsu-column-overlay tatsu-animate-none\" ><\/div><\/div><style>.tatsu-row > .tatsu-Skxg1Bfkj-x.tatsu-column{width: 66.67%;}.tatsu-Skxg1Bfkj-x.tatsu-column > .tatsu-column-inner > .tatsu-column-overlay{mix-blend-mode: normal;}.tatsu-Skxg1Bfkj-x > .tatsu-column-inner > .tatsu-top-divider{z-index: 9999;}.tatsu-Skxg1Bfkj-x > .tatsu-column-inner > .tatsu-bottom-divider{z-index: 9999;}.tatsu-Skxg1Bfkj-x > .tatsu-column-inner > .tatsu-left-divider{z-index: 9999;}.tatsu-Skxg1Bfkj-x > .tatsu-column-inner > .tatsu-right-divider{z-index: 9999;}@media only screen and (max-width:1377px) {.tatsu-row > .tatsu-Skxg1Bfkj-x.tatsu-column{width: 66.67%;}}@media only screen and (min-width:768px) and (max-width: 1024px) {.tatsu-row > .tatsu-Skxg1Bfkj-x.tatsu-column{width: 66.67%;}}@media only screen and (max-width: 767px) {.tatsu-row > .tatsu-Skxg1Bfkj-x.tatsu-column{width: 100%;}}<\/style><\/div><\/div><\/div><\/div><div class=\"tatsu-section-background-wrap\"><div class = \"tatsu-section-background\" ><\/div><\/div><div class=\"tatsu-overlay tatsu-section-overlay\"><\/div><style>.tatsu-i1gnhwnm2lc1681g .tatsu-section-pad{padding: 90px 0px 15px 0px;}.tatsu-i1gnhwnm2lc1681g > .tatsu-bottom-divider{z-index: 9999;}.tatsu-i1gnhwnm2lc1681g > .tatsu-top-divider{z-index: 9999;}.tatsu-i1gnhwnm2lc1681g .tatsu-section-overlay{mix-blend-mode: normal;}<\/style><\/div><div  class=\"tatsu-i1gnhwnr10eod0xw tatsu-section  tatsu-bg-overlay   tatsu-clearfix\" data-title=\"\"  data-headerscheme=\"background--dark\"><div class='tatsu-section-pad clearfix' data-padding='{\"d\":\"15px 0px 90px 0px\"}' data-padding-top='15px'><div class=\"tatsu-row-wrap  tatsu-wrap tatsu-row-one-col tatsu-row-has-one-cols tatsu-medium-gutter tatsu-reg-cols  tatsu-clearfix tatsu-i1gnhwnr3ybi6g3f\" ><div  class=\"tatsu-row \" ><div  class=\"tatsu-column  tatsu-bg-overlay tatsu-one-col tatsu-column-image-none tatsu-column-effect-none  tatsu-i1gnhwnr6i2jeb8p\"  data-parallax-speed=\"0\" style=\"\"><div class=\"tatsu-column-inner \" ><div class=\"tatsu-column-pad-wrap\"><div class=\"tatsu-column-pad\" ><div  class=\"tatsu-module tatsu-normal-button tatsu-button-wrap align-block block-center  tatsu-B1CyF9QWxg   \"><a class=\"tatsu-shortcode x-largebtn tatsu-button left-icon circular   bg-animation-none  \" href=\"https:\/\/kulturspenden.at\/donations\/spende-an-schallfeld-ensemble\" style= \"\"  aria-label=\"ONLINE SPENDEN\" data-gdpr-atts={} target=\"_blank\">ONLINE SPENDEN<\/a><style>.tatsu-B1CyF9QWxg .tatsu-button{background-color: #db2e2e;color: #ffffff ;}<\/style><\/div><div  class=\"tatsu-module tatsu-text-block-wrap tatsu-B1FcUG1j-x  \"><div class=\"tatsu-text-inner tatsu-align-center  clearfix\" ><style>.tatsu-B1FcUG1j-x.tatsu-text-block-wrap .tatsu-text-inner{width: 100%;text-align: left;}<\/style>\n<h1>Markus Wilfling<\/h1>\n<p>Die konsequente Arbeit von Markus Wilfling im Sinne einer Bedeutungslosigkeitszuweisung, die wiederum alternative gesellschaftliche Formen entbirgt, hat mit einer permanenten Lekt\u00fcre der Dingwelt als Existenzbedingung zu tun. Ein erheblicher Teil seiner k\u00fcnstlerischen Approximation an die Faltungen des Seins bestehen im Suchen, Sammeln und Archivieren, das dann h\u00e4ufig in Modulation m\u00fcndet.<\/p>\n<p>Dekomposition, Dekonstruktion und Wahrnehmungsirritation-das sind die zentralen Motive in der Arbeit von Markus Wilfling. Meist holt er die BetrachterInnen dort ab, wo sie sich auskennen-in ihrem kleinen, \u00fcberschaubaren Alltagsleben-und nimmt sie dann mit in ein seltsames und fremdes Universum-oft nach dem Motto \u201eThrough the Looking-Glass\u201c, wo Alice sich selbst oder das, was sie glaubt zu sein, in einer Spiegelwelt wiederfindet oder auch: verliert.<\/p>\n<p>All diese Sinnverwirrungs- und Sinnverschiebungsstrategien, die in der Arbeit von Markus Wilfling ubiquit\u00e4r sind, f\u00fchren zu perzeptiven Feinkalibrierungen, durch die die Welt neu und anders gelesen wird. Das, was der Fall ist, stellt sich h\u00e4ufig auf eine Weise dar, wie man es noch nie sehen konnte-oder nie sehen wollte. Das kann faszinieren, aber auch verst\u00f6ren, ganz im Sinne des K\u00fcnstlers, der eben kein Wellness-Prophet sein m\u00f6chte, sondern ein Disruptor. Man k\u00f6nnte auch sagen: Ein Spielverderber in dem Sinn, dass er konventionelle Regelsysteme aushebelt und durch seine eigene Taxonomie ersetzt. (Ausz\u00fcge aus dem Katalogtext von Thomas Mie\u00dfgang \u201e<em>Das Schreien des Nichts<\/em>\u201c in der Publikation \u201e<em>Markus Wilfling standby.on.run<\/em>\u201c)<\/p>\n<\/div><\/div><div  class=\"tatsu-single-image tatsu-module tatsu-image-lazyload tatsu-BJokLf1o-e  \" ><div class=\"tatsu-single-image-inner \" style=\"width : 1920px;\" ><div class = \"tatsu-single-image-padding-wrap\" style = \"padding-bottom : 66.666666666667%;\" ><\/div><img class = \"tatsu-gradient-border\" alt = \"\" title = \"_ID_1\" data-src = \"https:\/\/www.schallfeldensemble.com\/wp-content\/uploads\/ags_bw_mw2025-1.jpg\" src =\"data:image\/png;base64,iVBORw0KGgoAAAANSUhEUgAAAAEAAAABCAQAAAC1HAwCAAAAC0lEQVR42mNkYAAAAAYAAjCB0C8AAAAASUVORK5CYII=\"  \/><\/div><style>.tatsu-BJokLf1o-e .tatsu-single-image-inner{border-style: solid;max-width: 100%;}.tatsu-BJokLf1o-e.tatsu-single-image{transform: translate3d(0px,0px, 0);}<\/style><\/div><div  class=\"tatsu-module tatsu-text-block-wrap tatsu-HJGnPzyj-e  \"><div class=\"tatsu-text-inner tatsu-align-center  clearfix\" ><style>.tatsu-HJGnPzyj-e.tatsu-text-block-wrap .tatsu-text-inner{width: 100%;text-align: left;}<\/style>\n<p style=\"text-align: right;\"><span style=\"font-size: 8pt;\"><b>\u00a9<\/b> Alexandra Gschiel<\/span><\/p>\n<\/div><\/div><\/div><\/div><div class = \"tatsu-column-bg-image-wrap\"><div class = \"tatsu-column-bg-image\" ><\/div><\/div><div class=\"tatsu-overlay tatsu-column-overlay tatsu-animate-none\" ><\/div><\/div><style>.tatsu-row > .tatsu-i1gnhwnr6i2jeb8p.tatsu-column{width: 100%;}.tatsu-i1gnhwnr6i2jeb8p.tatsu-column > .tatsu-column-inner > .tatsu-column-overlay{mix-blend-mode: normal;}.tatsu-i1gnhwnr6i2jeb8p > .tatsu-column-inner > .tatsu-top-divider{z-index: 9999;}.tatsu-i1gnhwnr6i2jeb8p > .tatsu-column-inner > .tatsu-bottom-divider{z-index: 9999;}.tatsu-i1gnhwnr6i2jeb8p > .tatsu-column-inner > .tatsu-left-divider{z-index: 9999;}.tatsu-i1gnhwnr6i2jeb8p > .tatsu-column-inner > .tatsu-right-divider{z-index: 9999;}<\/style><\/div><\/div><\/div><\/div><div class=\"tatsu-section-background-wrap\"><div class = \"tatsu-section-background\" ><\/div><\/div><div class=\"tatsu-overlay tatsu-section-overlay\"><\/div><style>.tatsu-i1gnhwnr10eod0xw .tatsu-section-pad{padding: 15px 0px 90px 0px;}.tatsu-i1gnhwnr10eod0xw > .tatsu-bottom-divider{z-index: 9999;}.tatsu-i1gnhwnr10eod0xw > .tatsu-top-divider{z-index: 9999;}.tatsu-i1gnhwnr10eod0xw .tatsu-section-overlay{mix-blend-mode: normal;}<\/style><\/div>\n","protected":false},"excerpt":{"rendered":"<p><a href=\"https:\/\/www.schallfeldensemble.com\/de\/spendenaktion\/\" class=\"more-link style3-button\">Weiterlesen<\/a><\/p>","protected":false},"author":1,"featured_media":0,"parent":0,"menu_order":0,"comment_status":"closed","ping_status":"closed","template":"","meta":{"footnotes":""},"class_list":["post-8120","page","type-page","status-publish","hentry"],"_links":{"self":[{"href":"https:\/\/www.schallfeldensemble.com\/de\/wp-json\/wp\/v2\/pages\/8120","targetHints":{"allow":["GET"]}}],"collection":[{"href":"https:\/\/www.schallfeldensemble.com\/de\/wp-json\/wp\/v2\/pages"}],"about":[{"href":"https:\/\/www.schallfeldensemble.com\/de\/wp-json\/wp\/v2\/types\/page"}],"author":[{"embeddable":true,"href":"https:\/\/www.schallfeldensemble.com\/de\/wp-json\/wp\/v2\/users\/1"}],"replies":[{"embeddable":true,"href":"https:\/\/www.schallfeldensemble.com\/de\/wp-json\/wp\/v2\/comments?post=8120"}],"version-history":[{"count":22,"href":"https:\/\/www.schallfeldensemble.com\/de\/wp-json\/wp\/v2\/pages\/8120\/revisions"}],"predecessor-version":[{"id":8730,"href":"https:\/\/www.schallfeldensemble.com\/de\/wp-json\/wp\/v2\/pages\/8120\/revisions\/8730"}],"wp:attachment":[{"href":"https:\/\/www.schallfeldensemble.com\/de\/wp-json\/wp\/v2\/media?parent=8120"}],"curies":[{"name":"wp","href":"https:\/\/api.w.org\/{rel}","templated":true}]}}